{"id":681,"date":"2026-02-05T12:42:16","date_gmt":"2026-02-05T12:42:16","guid":{"rendered":"https:\/\/loup-blanc.fr\/?page_id=681"},"modified":"2026-02-05T12:47:30","modified_gmt":"2026-02-05T12:47:30","slug":"mentions-legales","status":"publish","type":"page","link":"https:\/\/loup-blanc.fr\/en\/mentions-legales\/","title":{"rendered":"Mentions l\u00e9gales"},"content":{"rendered":"<div data-elementor-type=\"wp-page\" data-elementor-id=\"681\" class=\"elementor elementor-681\">\n\t\t\t\t<div class=\"elementor-element elementor-element-643f3d2 e-flex e-con-boxed e-con e-parent\" data-id=\"643f3d2\" data-element_type=\"container\" data-e-type=\"container\">\n\t\t\t\t\t<div class=\"e-con-inner\">\n\t\t\t\t<div class=\"elementor-element elementor-element-68e40a2 elementor-widget elementor-widget-html\" data-id=\"68e40a2\" data-element_type=\"widget\" data-e-type=\"widget\" data-widget_type=\"html.default\">\n\t\t\t\t\t<div style=\"max-width: 820px; margin: 0 auto; padding: 10px 0; line-height: 1.75; font-family: Arial, sans-serif; color: #1f2937;\">\n\n  <h1 style=\"font-size: 28px; margin: 0 0 18px; font-weight: 700;\">\n    Mentions l\u00e9gales\n  <\/h1>\n\n  <h2 style=\"font-size: 18px; margin: 26px 0 10px; font-weight: 700;\">\n    \u00c9diteur du site\n  <\/h2>\n  <p style=\"margin: 0 0 14px;\">\n    <strong>Nom et pr\u00e9nom :<\/strong> XU Jue<br>\n    <strong>Statut :<\/strong> personne physique<br>\n    <strong>Nom du projet \/ marque :<\/strong> Loup Blanc<br>\n    <strong>Email :<\/strong> <a href=\"mailto:contact@loup-blanc.fr\" style=\"color:#0f5ecf; text-decoration:none;\">contact@loup-blanc.fr<\/a><br>\n    <strong>Localisation :<\/strong> France\n  <\/p>\n\n  <p style=\"margin: 0 0 14px;\">\n    Le pr\u00e9sent site est \u00e9dit\u00e9 dans le cadre d\u2019une activit\u00e9 en cours de d\u00e9veloppement.<br>\n    Les informations fournies sur ce site sont donn\u00e9es \u00e0 titre indicatif et peuvent \u00e9voluer \u00e0 tout moment.\n  <\/p>\n\n  <h2 style=\"font-size: 18px; margin: 26px 0 10px; font-weight: 700;\">\n    H\u00e9bergement\n  <\/h2>\n  <p style=\"margin: 0 0 14px;\">\n    Le site est h\u00e9berg\u00e9 par :<br>\n    Hostinger Operations UAB<br>\n    \u0160vitrigailos str. 34, Vilnius 03230, Lituanie<br>\n    Site web :\n    <a href=\"https:\/\/www.hostinger.fr\" target=\"_blank\" rel=\"noopener noreferrer\" style=\"color:#0f5ecf; text-decoration:none;\">\n      https:\/\/www.hostinger.fr\n    <\/a>\n  <\/p>\n\n  <h2 style=\"font-size: 18px; margin: 26px 0 10px; font-weight: 700;\">\n    Propri\u00e9t\u00e9 intellectuelle\n  <\/h2>\n  <p style=\"margin: 0 0 14px;\">\n    L\u2019ensemble des contenus pr\u00e9sents sur ce site (textes, images, graphismes, logo, ic\u00f4nes, structure) est prot\u00e9g\u00e9 par le droit d\u2019auteur et par le droit de la propri\u00e9t\u00e9 intellectuelle.<br>\n    Toute reproduction, repr\u00e9sentation, modification, publication ou adaptation de tout ou partie des \u00e9l\u00e9ments du site, quel que soit le moyen ou le proc\u00e9d\u00e9 utilis\u00e9, est interdite sans autorisation pr\u00e9alable.\n  <\/p>\n\n  <h2 style=\"font-size: 18px; margin: 26px 0 10px; font-weight: 700;\">\n    Responsabilit\u00e9\n  <\/h2>\n  <p style=\"margin: 0 0 14px;\">\n    L\u2019\u00e9diteur s\u2019efforce de fournir sur le site des informations aussi pr\u00e9cises que possible.<br>\n    Toutefois, il ne pourra \u00eatre tenu responsable des omissions, des inexactitudes ou des carences dans la mise \u00e0 jour, qu\u2019elles soient de son fait ou du fait des tiers partenaires qui lui fournissent ces informations.\n  <\/p>\n\n  <h2 style=\"font-size: 18px; margin: 26px 0 10px; font-weight: 700;\">\n    Liens externes\n  <\/h2>\n  <p style=\"margin: 0 0 14px;\">\n    Le site peut contenir des liens vers d\u2019autres sites.<br>\n    L\u2019\u00e9diteur ne peut \u00eatre tenu responsable du contenu de ces sites externes ni de leur politique de confidentialit\u00e9.\n  <\/p>\n\n  <p style=\"margin: 28px 0 0; font-size: 13px; color: #6b7280;\">\n    Derni\u00e8re mise \u00e0 jour : f\u00e9vrier 2026\n  <\/p>\n\n<\/div>\n\t\t\t\t<\/div>\n\t\t\t\t\t<\/div>\n\t\t\t\t<\/div>\n\t\t\t\t<\/div>","protected":false},"excerpt":{"rendered":"<p>Mentions l\u00e9gales \u00c9diteur du site Nom et pr\u00e9nom : XU Jue Statut : personne physique Nom du projet \/ marque : Loup Blanc Email : contact@loup-blanc.fr Localisation : France Le pr\u00e9sent site est \u00e9dit\u00e9 dans le cadre d\u2019une activit\u00e9 en cours de d\u00e9veloppement. Les informations fournies sur ce site sont donn\u00e9es \u00e0 titre indicatif et&hellip;&nbsp;<a href=\"https:\/\/loup-blanc.fr\/en\/mentions-legales\/\" rel=\"bookmark\"><span class=\"screen-reader-text\">Mentions l\u00e9gales<\/span><\/a><\/p>","protected":false},"author":1,"featured_media":0,"parent":0,"menu_order":0,"comment_status":"closed","ping_status":"closed","template":"page-templates\/template-pagebuilder-full-width.php","meta":{"neve_meta_sidebar":"","neve_meta_container":"","neve_meta_enable_content_width":"","neve_meta_content_width":0,"neve_meta_title_alignment":"","neve_meta_author_avatar":"","neve_post_elements_order":"","neve_meta_disable_header":"","neve_meta_disable_footer":"","neve_meta_disable_title":"","_themeisle_gutenberg_block_has_review":false,"footnotes":""},"class_list":["post-681","page","type-page","status-publish","hentry"],"_hostinger_reach_plugin_has_subscription_block":false,"_hostinger_reach_plugin_is_elementor":false,"_links":{"self":[{"href":"https:\/\/loup-blanc.fr\/en\/wp-json\/wp\/v2\/pages\/681","targetHints":{"allow":["GET"]}}],"collection":[{"href":"https:\/\/loup-blanc.fr\/en\/wp-json\/wp\/v2\/pages"}],"about":[{"href":"https:\/\/loup-blanc.fr\/en\/wp-json\/wp\/v2\/types\/page"}],"author":[{"embeddable":true,"href":"https:\/\/loup-blanc.fr\/en\/wp-json\/wp\/v2\/users\/1"}],"replies":[{"embeddable":true,"href":"https:\/\/loup-blanc.fr\/en\/wp-json\/wp\/v2\/comments?post=681"}],"version-history":[{"count":4,"href":"https:\/\/loup-blanc.fr\/en\/wp-json\/wp\/v2\/pages\/681\/revisions"}],"predecessor-version":[{"id":689,"href":"https:\/\/loup-blanc.fr\/en\/wp-json\/wp\/v2\/pages\/681\/revisions\/689"}],"wp:attachment":[{"href":"https:\/\/loup-blanc.fr\/en\/wp-json\/wp\/v2\/media?parent=681"}],"curies":[{"name":"wp","href":"https:\/\/api.w.org\/{rel}","templated":true}]}}